{"id":3349,"date":"2021-03-26T12:16:16","date_gmt":"2021-03-26T12:16:16","guid":{"rendered":"https:\/\/krhomespain.com\/personalizar-cookies"},"modified":"2021-03-26T12:16:16","modified_gmt":"2021-03-26T12:16:16","slug":"personalizar-cookies","status":"publish","type":"page","link":"https:\/\/krhomespain.com\/fr\/personalizar-cookies","title":{"rendered":"Personalizar Cookies"},"content":{"rendered":"\n<div>\n      <div id=\"custom-cookies-eu-label\">\n\n        Esta p\u00e1gina web utiliza cookies propias y de terceros para fines funcionales (permitir la\r\nnavegaci\u00f3n web), para optimizar la navegaci\u00f3n y personalizarla seg\u00fan tus preferencias as\u00ed\r\ncomo para mostrarte publicidad en base a tu perfil de navegaci\u00f3n (p.e p\u00e1ginas visitadas).\n          &nbsp;&nbsp;\n          <a target=\"_blank\" id=\"cookies-eu-more\" rel=\"nofollow\" href=\"https:\/\/krhomespain.com\/fr\/politica-de-cookies-2\">Ver Pol\u00edtica de cookies<\/a>\n      <\/div>\n\n      <div id=\"custom-cookies-eu-buttons\" class=\"cookies-eu-buttons\">\n        <button id=\"custom-cookies-eu-reject\" class=\"cookies-eu-reject\">Rechazar<\/button>\n        <button id=\"custom-cookies-eu-accept\" class=\"cookies-eu-accept\">ACEPTAR TODAS LAS COOKIES<\/button><\/div>\n      <\/div>\n\n<br\/>\n<p>\n\tPuedes cambiar tus preferencias de cookies en cualquier momento si vuelves a la p\u00e1gina de Personalizar cookies, a la que puedes acceder a trav\u00e9s del Aviso de cookies. Para obtener m\u00e1s informaci\u00f3n sobre las cookies y c\u00f3mo las usamos, consulta la p\u00e1gina de <a href=\"https:\/\/krhomespain.com\/fr\/politica-de-cookies-2\">Pol\u00edtica de Cookies<\/a>.\n<\/p>\n\n<h3>Cookies t\u00e9cnicas<\/h3>\n<p>\n\tSon aquellas que permiten a los usuarios registrados navegar a trav\u00e9s del sitio Web, del \u00e1rea restringida y a utilizar sus diferentes funciones, como por ejemplo, el sistema de comentarios o el buscador y no pueden ser desactivadas.\n<\/p>\n\n<div class=\"custom-cookies-option\">\n  <h3>Cookies de an\u00e1lisis o medici\u00f3n<\/h3>\n  <span>\n    <input type=\"radio\" name=\"cookies-analytics-option\" value=\"true\" class=\"custom-cookies-radio\" data-consent=\"ANLTCS\" id=\"custom-cookies-accept-analytics\" >\n    <label for=\"custom-cookies-accept-analytics\">Activar<\/label>\n    &nbsp;&nbsp;\n    <input type=\"radio\" name=\"cookies-analytics-option\" value=\"false\" class=\"custom-cookies-radio\" data-consent=\"ANLTCS\" id=\"custom-cookies-reject-analytics\" \n    checked>\n    <label for=\"custom-cookies-reject-analytics\">Desactivar<\/label>\n<\/span>\n<\/div>\n\n<p>\n\tSon aquellas que, bien tratadas por el sitio Web o por terceros, permiten cuantificar el n\u00famero de usuarios y as\u00ed realizar la medici\u00f3n y an\u00e1lisis estad\u00edstico de la utilizaci\u00f3n que hacen los usuarios del sitio Web. Para ello se analiza la navegaci\u00f3n que realizas en este sitio Web con el fin de mejorarlo.\n<\/p>\n\n<div class=\"custom-cookies-option\">\n  <h3>Cookies sociales<\/h3>\n  <span>\n    <input type=\"radio\" name=\"cookies-social-option\" value=\"true\" class=\"custom-cookies-radio\" data-consent=\"SCLS\" id=\"custom-cookies-accept-social\" \n    >\n    <label for=\"custom-cookies-accept-social\">Activar<\/label>\n    &nbsp;&nbsp;\n    <input type=\"radio\" name=\"cookies-social-option\" value=\"false\" class=\"custom-cookies-radio\" data-consent=\"SCLS\" id=\"custom-cookies-reject-social\" \n    checked>\n    <label for=\"custom-cookies-reject-social\">Desactivar<\/label>\n<\/span>\n<\/div>\n\n<p>\n  Son establecidas por las plataformas de redes sociales para permitir a los usuarios compartir contenido con sus amigos y redes.  \n<\/p>\n\n","protected":false},"excerpt":{"rendered":"<p>Esta p\u00e1gina web utiliza cookies propias y de terceros para fines funcionales (permitir la navegaci\u00f3n web), para optimizar la navegaci\u00f3n y personalizarla seg\u00fan tus preferencias as\u00ed como para mostrarte publicidad en base a tu perfil de navegaci\u00f3n (p.e p\u00e1ginas visitadas). &nbsp;&nbsp; Ver Pol\u00edtica de cookies Rechazar ACEPTAR TODAS LAS COOKIES Puedes cambiar tus preferencias de [&hellip;]<\/p>\n","protected":false},"author":1,"featured_media":0,"parent":0,"menu_order":0,"comment_status":"closed","ping_status":"closed","template":"","meta":{"_joinchat":[],"footnotes":""},"class_list":["post-3349","page","type-page","status-publish","hentry"],"yoast_head":"<!-- This site is optimized with the Yoast SEO plugin v27.4 - https:\/\/yoast.com\/product\/yoast-seo-wordpress\/ -->\n<title>Personalizar Cookies<\/title>\n<meta name=\"robots\" content=\"index, follow, max-snippet:-1, max-image-preview:large, max-video-preview:-1\" \/>\n<link rel=\"canonical\" href=\"https:\/\/krhomespain.com\/fr\/personalizar-cookies\" \/>\n<meta property=\"og:locale\" content=\"fr_FR\" \/>\n<meta property=\"og:locale:alternate\" content=\"en_GB\" \/>\n<meta property=\"og:locale:alternate\" content=\"de_DE\" \/>\n<meta property=\"og:locale:alternate\" content=\"es_ES\" \/>\n<meta property=\"og:type\" content=\"article\" \/>\n<meta property=\"og:title\" content=\"Personalizar Cookies\" \/>\n<meta property=\"og:description\" content=\"Esta p\u00e1gina web utiliza cookies propias y de terceros para fines funcionales (permitir la navegaci\u00f3n web), para optimizar la navegaci\u00f3n y personalizarla seg\u00fan tus preferencias as\u00ed como para mostrarte publicidad en base a tu perfil de navegaci\u00f3n (p.e p\u00e1ginas visitadas). &nbsp;&nbsp; Ver Pol\u00edtica de cookies Rechazar ACEPTAR TODAS LAS COOKIES Puedes cambiar tus preferencias de [&hellip;]\" \/>\n<meta property=\"og:url\" content=\"https:\/\/krhomespain.com\/fr\/personalizar-cookies\" \/>\n<meta property=\"og:site_name\" content=\"KR HOMES\" \/>\n<meta name=\"twitter:card\" content=\"summary_large_image\" \/>\n<script type=\"application\/ld+json\" class=\"yoast-schema-graph\">{\"@context\":\"https:\\\/\\\/schema.org\",\"@graph\":[{\"@type\":\"WebPage\",\"@id\":\"https:\\\/\\\/krhomespain.com\\\/personalizar-cookies\",\"url\":\"https:\\\/\\\/krhomespain.com\\\/personalizar-cookies\",\"name\":\"Personalizar Cookies\",\"isPartOf\":{\"@id\":\"https:\\\/\\\/krhomespain.com\\\/#website\"},\"datePublished\":\"2021-03-26T12:16:16+00:00\",\"breadcrumb\":{\"@id\":\"https:\\\/\\\/krhomespain.com\\\/personalizar-cookies#breadcrumb\"},\"inLanguage\":\"fr-FR\",\"potentialAction\":[{\"@type\":\"ReadAction\",\"target\":[\"https:\\\/\\\/krhomespain.com\\\/personalizar-cookies\"]}]},{\"@type\":\"BreadcrumbList\",\"@id\":\"https:\\\/\\\/krhomespain.com\\\/personalizar-cookies#breadcrumb\",\"itemListElement\":[{\"@type\":\"ListItem\",\"position\":1,\"name\":\"Portada\",\"item\":\"https:\\\/\\\/krhomespain.com\\\/\"},{\"@type\":\"ListItem\",\"position\":2,\"name\":\"Personalizar Cookies\"}]},{\"@type\":\"WebSite\",\"@id\":\"https:\\\/\\\/krhomespain.com\\\/#website\",\"url\":\"https:\\\/\\\/krhomespain.com\\\/\",\"name\":\"KR HOMES\",\"description\":\"El Sol, siempre el Sol\",\"publisher\":{\"@id\":\"https:\\\/\\\/krhomespain.com\\\/#organization\"},\"potentialAction\":[{\"@type\":\"SearchAction\",\"target\":{\"@type\":\"EntryPoint\",\"urlTemplate\":\"https:\\\/\\\/krhomespain.com\\\/?s={search_term_string}\"},\"query-input\":{\"@type\":\"PropertyValueSpecification\",\"valueRequired\":true,\"valueName\":\"search_term_string\"}}],\"inLanguage\":\"fr-FR\"},{\"@type\":\"Organization\",\"@id\":\"https:\\\/\\\/krhomespain.com\\\/#organization\",\"name\":\"KRHOMESPAIN.COM\",\"url\":\"https:\\\/\\\/krhomespain.com\\\/\",\"logo\":{\"@type\":\"ImageObject\",\"inLanguage\":\"fr-FR\",\"@id\":\"https:\\\/\\\/krhomespain.com\\\/#\\\/schema\\\/logo\\\/image\\\/\",\"url\":\"https:\\\/\\\/krhomespain.com\\\/wp-content\\\/uploads\\\/2022\\\/02\\\/logokrhomes.png\",\"contentUrl\":\"https:\\\/\\\/krhomespain.com\\\/wp-content\\\/uploads\\\/2022\\\/02\\\/logokrhomes.png\",\"width\":651,\"height\":1166,\"caption\":\"KRHOMESPAIN.COM\"},\"image\":{\"@id\":\"https:\\\/\\\/krhomespain.com\\\/#\\\/schema\\\/logo\\\/image\\\/\"}}]}<\/script>\n<!-- \/ Yoast SEO plugin. -->","yoast_head_json":{"title":"Personalizar Cookies","robots":{"index":"index","follow":"follow","max-snippet":"max-snippet:-1","max-image-preview":"max-image-preview:large","max-video-preview":"max-video-preview:-1"},"canonical":"https:\/\/krhomespain.com\/fr\/personalizar-cookies","og_locale":"fr_FR","og_type":"article","og_title":"[:es]Personalizar Cookies[:] - KR HOMES","og_description":"Esta p\u00e1gina web utiliza cookies propias y de terceros para fines funcionales (permitir la navegaci\u00f3n web), para optimizar la navegaci\u00f3n y personalizarla seg\u00fan tus preferencias as\u00ed como para mostrarte publicidad en base a tu perfil de navegaci\u00f3n (p.e p\u00e1ginas visitadas). &nbsp;&nbsp; Ver Pol\u00edtica de cookies Rechazar ACEPTAR TODAS LAS COOKIES Puedes cambiar tus preferencias de [&hellip;]","og_url":"https:\/\/krhomespain.com\/fr\/personalizar-cookies","og_site_name":"KR HOMES","twitter_card":"summary_large_image","schema":{"@context":"https:\/\/schema.org","@graph":[{"@type":"WebPage","@id":"https:\/\/krhomespain.com\/personalizar-cookies","url":"https:\/\/krhomespain.com\/personalizar-cookies","name":"Personalizar Cookies","isPartOf":{"@id":"https:\/\/krhomespain.com\/#website"},"datePublished":"2021-03-26T12:16:16+00:00","breadcrumb":{"@id":"https:\/\/krhomespain.com\/personalizar-cookies#breadcrumb"},"inLanguage":"fr-FR","potentialAction":[{"@type":"ReadAction","target":["https:\/\/krhomespain.com\/personalizar-cookies"]}]},{"@type":"BreadcrumbList","@id":"https:\/\/krhomespain.com\/personalizar-cookies#breadcrumb","itemListElement":[{"@type":"ListItem","position":1,"name":"Portada","item":"https:\/\/krhomespain.com\/"},{"@type":"ListItem","position":2,"name":"Personalizar Cookies"}]},{"@type":"WebSite","@id":"https:\/\/krhomespain.com\/#website","url":"https:\/\/krhomespain.com\/","name":"KR HOMES","description":"El Sol, siempre el Sol","publisher":{"@id":"https:\/\/krhomespain.com\/#organization"},"potentialAction":[{"@type":"SearchAction","target":{"@type":"EntryPoint","urlTemplate":"https:\/\/krhomespain.com\/?s={search_term_string}"},"query-input":{"@type":"PropertyValueSpecification","valueRequired":true,"valueName":"search_term_string"}}],"inLanguage":"fr-FR"},{"@type":"Organization","@id":"https:\/\/krhomespain.com\/#organization","name":"KRHOMESPAIN.COM","url":"https:\/\/krhomespain.com\/","logo":{"@type":"ImageObject","inLanguage":"fr-FR","@id":"https:\/\/krhomespain.com\/#\/schema\/logo\/image\/","url":"https:\/\/krhomespain.com\/wp-content\/uploads\/2022\/02\/logokrhomes.png","contentUrl":"https:\/\/krhomespain.com\/wp-content\/uploads\/2022\/02\/logokrhomes.png","width":651,"height":1166,"caption":"KRHOMESPAIN.COM"},"image":{"@id":"https:\/\/krhomespain.com\/#\/schema\/logo\/image\/"}}]}},"_links":{"self":[{"href":"https:\/\/krhomespain.com\/fr\/wp-json\/wp\/v2\/pages\/3349","targetHints":{"allow":["GET"]}}],"collection":[{"href":"https:\/\/krhomespain.com\/fr\/wp-json\/wp\/v2\/pages"}],"about":[{"href":"https:\/\/krhomespain.com\/fr\/wp-json\/wp\/v2\/types\/page"}],"author":[{"embeddable":true,"href":"https:\/\/krhomespain.com\/fr\/wp-json\/wp\/v2\/users\/1"}],"replies":[{"embeddable":true,"href":"https:\/\/krhomespain.com\/fr\/wp-json\/wp\/v2\/comments?post=3349"}],"version-history":[{"count":0,"href":"https:\/\/krhomespain.com\/fr\/wp-json\/wp\/v2\/pages\/3349\/revisions"}],"wp:attachment":[{"href":"https:\/\/krhomespain.com\/fr\/wp-json\/wp\/v2\/media?parent=3349"}],"curies":[{"name":"wp","href":"https:\/\/api.w.org\/{rel}","templated":true}]}}