{"id":159,"date":"2019-05-09T20:03:58","date_gmt":"2019-05-09T20:03:58","guid":{"rendered":"http:\/\/realtorstage.estatik.net\/?page_id=159"},"modified":"2020-10-07T11:22:00","modified_gmt":"2020-10-07T11:22:00","slug":"agents","status":"publish","type":"page","link":"https:\/\/krhomespain.com\/fr\/agents","title":{"rendered":"Our Agents"},"content":{"rendered":"<div id=\"pl-159\"  class=\"panel-layout\" ><div id=\"pg-159-0\"  class=\"panel-grid panel-no-style\" ><div id=\"pgc-159-0-0\"  class=\"panel-grid-cell\" ><div id=\"panel-159-0-0-0\" class=\"widget_text so-panel widget widget_custom_html panel-first-child panel-last-child\" data-index=\"0\" ><div class=\"textwidget custom-html-widget\"><div class='es-agent__list'>\n<div class=\"ert-agent\">\n\t<div class=\"row\">\n\t\t<div class=\"col-sm-auto ert-agent__image\">\n            <div class=\"ert-agent__image-bg\" style=\"height: 100%; background-image: url(https:\/\/krhomespain.com\/wp-content\/uploads\/2020\/07\/200728_Dibuix-ROSA-266x350.jpg); background-size: cover;\"><\/div>\n        <\/div>\n\t\t<div class=\"col-sm ert-agent__content\">\n\n            <div class=\"ert-agent__content-inner\">\n                <div class=\"row\">\n                    <div class=\"col\">\n                        <div class=\"ert-agent__head\">\n                            <h4 class=\"ert-agent__name\">\n                                <span>Rosa Estarca<\/span>\n                            <\/h4>\n\n                                                            <span class=\"ert-agent__sub-name\">\n                            KR HOMES                        <\/span>\n                                                    <\/div>\n                    <\/div>\n\n                                    <\/div>\n\n                \t\t<div class=\"es-share-wrapper\">\n\t\t\t\t\t\t\t\t\t\t\t\t\t\t\t\t\t\t\t\t\t\t\t\t\t\t\t\t\t\t\t\t\t\t\t\t\t\t\t\t\t\t\t\t\t\t\t<\/div>\n\t\n                <ul class=\"ert-agent__fields\">\n                                            <li><b>(+34) 670 602 000<\/b><\/li>\n                    \n                                            <li><b>rosa@krhomespain.com<\/b><\/li>\n                    \n                                            <li><b><a href=\"https:\/\/krhomespain.com\/\">https:\/\/krhomespain.com\/<\/a><\/b><\/li>\n                                    <\/ul>\n\n                                    <p>Soy Rosa, nac\u00ed en Ondara en la Marina Alta, junto al Mediterr\u00e1neo.\r\nMi infancia siempre ha estado cerca del mar, ese mar de donde te sientes parte y siempre quieres volver.\r\nAs\u00ed que a mis cincuenta y pocos a\u00f1os, me veo envuelta en esta gran aventura de ayudaros a\r\nencontrar la casa con la que disfrutareis de la Marina Alta.\r\nTanto Karin como yo estaremos encantadas de acompa\u00f1aros en el bonito proceso de buscar vuestro lugar en esta comarca.<\/p>\n                            <\/div>\n\n            \n        <\/div>\n\t<\/div>\n<\/div>\n\n<div class=\"ert-agent\">\n\t<div class=\"row\">\n\t\t<div class=\"col-sm-auto ert-agent__image\">\n            <div class=\"ert-agent__image-bg\" style=\"height: 100%; background-image: url(https:\/\/krhomespain.com\/wp-content\/uploads\/2020\/07\/200728_Dibuix-KARIN-266x350.jpg); background-size: cover;\"><\/div>\n        <\/div>\n\t\t<div class=\"col-sm ert-agent__content\">\n\n            <div class=\"ert-agent__content-inner\">\n                <div class=\"row\">\n                    <div class=\"col\">\n                        <div class=\"ert-agent__head\">\n                            <h4 class=\"ert-agent__name\">\n                                <span>Karin B\u00f6tsch<\/span>\n                            <\/h4>\n\n                                                            <span class=\"ert-agent__sub-name\">\n                            KR HOMES                        <\/span>\n                                                    <\/div>\n                    <\/div>\n\n                                    <\/div>\n\n                \t\t<div class=\"es-share-wrapper\">\n\t\t\t\t\t\t\t\t\t\t\t\t\t\t\t\t\t\t\t\t\t\t\t\t\t\t\t\t\t\t\t\t\t\t\t\t\t\t\t\t\t\t\t\t\t\t\t<\/div>\n\t\n                <ul class=\"ert-agent__fields\">\n                                            <li><b>(+34) 600 977 977<\/b><\/li>\n                    \n                                            <li><b>karin@krhomespain.com<\/b><\/li>\n                    \n                                            <li><b><a href=\"https:\/\/krhomespain.com\/\">https:\/\/krhomespain.com\/<\/a><\/b><\/li>\n                                    <\/ul>\n\n                                    <p>Soy karin, soy de Baviera de Alemania. Vivo en Espa\u00f1a desde hace casi treinta a\u00f1os; los \u00faltimos diez a\u00f1os en El Verger, en la Costa Blanca. Y me encanta.\r\nLo que me atrapa es el clima, la comida, los servicios, la seguridad, y su gente. No hay sitio comparable.\r\nEn los \u00faltimos veinte a\u00f1os he trabajado en el sector inmobiliario, con esta experiencia estoy disponible para ayudaros en cada paso del camino.\r\nEn la empresa que hemos fundado Rosa y yo, nuestra meta es vuestra felicidad. Nos alegraremos de vernos pronto y compartir vuestras ilusiones.<\/p>\n                            <\/div>\n\n            \n        <\/div>\n\t<\/div>\n<\/div>\n<\/div><div class=\"es-powered\">\n\t<p>\n\t\tPropuls\u00e9 par <a href=\"https:\/\/estatik.net\" target=\"_blank\"> Estatik <\/a>\t<\/p>\n<\/div>\n<\/div><\/div><\/div><\/div><div id=\"pg-159-1\"  class=\"panel-grid panel-no-style\" ><div id=\"pgc-159-1-0\"  class=\"panel-grid-cell\" ><div id=\"panel-159-1-0-0\" class=\"so-panel widget widget_ert-testimonials panel-first-child panel-last-child\" data-index=\"1\" ><div\n\t\t\t\n\t\t\tclass=\"so-widget-ert-testimonials so-widget-ert-testimonials-default-d75171398898-159\"\n\t\t\t\n\t\t><div id=\"panel-159-1-0-0\" class=\"so-panel widget widget_ert-testimonials panel-first-child panel-last-child\" data-index=\"1\" >\t\t<h3 class=\"widget-title\">La famille Wittmann<\/h3>\t\n\t<div class=\"ert-testimonials js-ert-testimonials\">\n\t\t\t\t\t<div class=\"ert-testimonials__item\">\n\n\t\t\t\t\n                    \n                    \t\t\t\t\t    <div class=\"ert-testimonial__image\" style=\"background-repeat: no-repeat; background-size: cover; background-image: url(); \"><\/div>\n\t\t\t\t\t\n\t\t\t\t\t\t\t\t\t\n\t\t\t\t\t\t\t\t\t<h4 class=\"ert-testimonial__name\">\n\t\t\t\t\t\t                        La famille Wittmann                                            <\/h4>\n\t\t\t\t\n\t\t\t\t\n\t\t\t\t\t\t\t\t\t<div class=\"ert-testimonial__content\">\n\t\t\t\t\t\tCher Karin\nCh\u00e8re Rose\n\nNous tenons \u00e0 vous remercier beaucoup pour votre excellent soutien lors de l'achat\nde notre propri\u00e9t\u00e9. Gr\u00e2ce \u00e0 votre aide professionnelle,\nNous avons rapidement trouv\u00e9 la maison de nos r\u00eaves en Espagne.\nTout fonctionnait \u00e0 merveille et il \u00e9tait toujours \u00e0 nos c\u00f4t\u00e9s\navec des conseils et des actions comp\u00e9tents.\nNous pouvons vous recommander de travailler avec vous \u00e0 tout moment.\nSalutations de notre nouvelle maison ensoleill\u00e9e\n\nLa famille Wittmann\t\t\t\t\t<\/div>\n\t\t\t\t\t\t\t<\/div>\n\t\t\t<\/div>\n\n\t<\/div><\/div><\/div><\/div><\/div><\/div>","protected":false},"excerpt":{"rendered":"<p>Rosa Estarca KR HOMES (+34) 670 602 000 rosa@krhomespain.com https:\/\/krhomespain.com\/ Soy Rosa, nac\u00ed en Ondara en la Marina Alta, junto al Mediterr\u00e1neo. Mi infancia siempre ha estado cerca del mar, ese mar de donde te sientes parte y siempre quieres volver. As\u00ed que a mis cincuenta y pocos a\u00f1os, me veo envuelta en esta gran [&hellip;]<\/p>\n","protected":false},"author":1,"featured_media":0,"parent":0,"menu_order":0,"comment_status":"closed","ping_status":"closed","template":"templates\/page-builder.php","meta":{"_joinchat":[],"footnotes":""},"class_list":["post-159","page","type-page","status-publish","hentry"],"yoast_head":"<!-- This site is optimized with the Yoast SEO plugin v27.4 - https:\/\/yoast.com\/product\/yoast-seo-wordpress\/ -->\n<title>Our Agents<\/title>\n<meta name=\"robots\" content=\"index, follow, max-snippet:-1, max-image-preview:large, max-video-preview:-1\" \/>\n<link rel=\"canonical\" href=\"https:\/\/krhomespain.com\/fr\/agents\" \/>\n<meta property=\"og:locale\" content=\"fr_FR\" \/>\n<meta property=\"og:locale:alternate\" content=\"en_GB\" \/>\n<meta property=\"og:locale:alternate\" content=\"de_DE\" \/>\n<meta property=\"og:locale:alternate\" content=\"es_ES\" \/>\n<meta property=\"og:type\" content=\"article\" \/>\n<meta property=\"og:title\" content=\"Our Agents\" \/>\n<meta property=\"og:description\" content=\"Rosa Estarca KR HOMES (+34) 670 602 000 rosa@krhomespain.com https:\/\/krhomespain.com\/ Soy Rosa, nac\u00ed en Ondara en la Marina Alta, junto al Mediterr\u00e1neo. Mi infancia siempre ha estado cerca del mar, ese mar de donde te sientes parte y siempre quieres volver. As\u00ed que a mis cincuenta y pocos a\u00f1os, me veo envuelta en esta gran [&hellip;]\" \/>\n<meta property=\"og:url\" content=\"https:\/\/krhomespain.com\/fr\/agents\" \/>\n<meta property=\"og:site_name\" content=\"KR HOMES\" \/>\n<meta property=\"article:modified_time\" content=\"2020-10-07T11:22:00+00:00\" \/>\n<meta name=\"twitter:card\" content=\"summary_large_image\" \/>\n<script type=\"application\/ld+json\" class=\"yoast-schema-graph\">{\"@context\":\"https:\\\/\\\/schema.org\",\"@graph\":[{\"@type\":\"WebPage\",\"@id\":\"https:\\\/\\\/krhomespain.com\\\/agents\",\"url\":\"https:\\\/\\\/krhomespain.com\\\/agents\",\"name\":\"Our Agents\",\"isPartOf\":{\"@id\":\"https:\\\/\\\/krhomespain.com\\\/#website\"},\"datePublished\":\"2019-05-09T20:03:58+00:00\",\"dateModified\":\"2020-10-07T11:22:00+00:00\",\"breadcrumb\":{\"@id\":\"https:\\\/\\\/krhomespain.com\\\/agents#breadcrumb\"},\"inLanguage\":\"fr-FR\",\"potentialAction\":[{\"@type\":\"ReadAction\",\"target\":[\"https:\\\/\\\/krhomespain.com\\\/agents\"]}]},{\"@type\":\"BreadcrumbList\",\"@id\":\"https:\\\/\\\/krhomespain.com\\\/agents#breadcrumb\",\"itemListElement\":[{\"@type\":\"ListItem\",\"position\":1,\"name\":\"Portada\",\"item\":\"https:\\\/\\\/krhomespain.com\\\/\"},{\"@type\":\"ListItem\",\"position\":2,\"name\":\"Our Agents\"}]},{\"@type\":\"WebSite\",\"@id\":\"https:\\\/\\\/krhomespain.com\\\/#website\",\"url\":\"https:\\\/\\\/krhomespain.com\\\/\",\"name\":\"KR HOMES\",\"description\":\"El Sol, siempre el Sol\",\"publisher\":{\"@id\":\"https:\\\/\\\/krhomespain.com\\\/#organization\"},\"potentialAction\":[{\"@type\":\"SearchAction\",\"target\":{\"@type\":\"EntryPoint\",\"urlTemplate\":\"https:\\\/\\\/krhomespain.com\\\/?s={search_term_string}\"},\"query-input\":{\"@type\":\"PropertyValueSpecification\",\"valueRequired\":true,\"valueName\":\"search_term_string\"}}],\"inLanguage\":\"fr-FR\"},{\"@type\":\"Organization\",\"@id\":\"https:\\\/\\\/krhomespain.com\\\/#organization\",\"name\":\"KRHOMESPAIN.COM\",\"url\":\"https:\\\/\\\/krhomespain.com\\\/\",\"logo\":{\"@type\":\"ImageObject\",\"inLanguage\":\"fr-FR\",\"@id\":\"https:\\\/\\\/krhomespain.com\\\/#\\\/schema\\\/logo\\\/image\\\/\",\"url\":\"https:\\\/\\\/krhomespain.com\\\/wp-content\\\/uploads\\\/2022\\\/02\\\/logokrhomes.png\",\"contentUrl\":\"https:\\\/\\\/krhomespain.com\\\/wp-content\\\/uploads\\\/2022\\\/02\\\/logokrhomes.png\",\"width\":651,\"height\":1166,\"caption\":\"KRHOMESPAIN.COM\"},\"image\":{\"@id\":\"https:\\\/\\\/krhomespain.com\\\/#\\\/schema\\\/logo\\\/image\\\/\"}}]}<\/script>\n<!-- \/ Yoast SEO plugin. -->","yoast_head_json":{"title":"Our Agents","robots":{"index":"index","follow":"follow","max-snippet":"max-snippet:-1","max-image-preview":"max-image-preview:large","max-video-preview":"max-video-preview:-1"},"canonical":"https:\/\/krhomespain.com\/fr\/agents","og_locale":"fr_FR","og_type":"article","og_title":"[:en]Our Agents[:de]Our Agents[:es]Our Agents[:fr]Our Agents[:] - KR HOMES","og_description":"Rosa Estarca KR HOMES (+34) 670 602 000 rosa@krhomespain.com https:\/\/krhomespain.com\/ Soy Rosa, nac\u00ed en Ondara en la Marina Alta, junto al Mediterr\u00e1neo. Mi infancia siempre ha estado cerca del mar, ese mar de donde te sientes parte y siempre quieres volver. As\u00ed que a mis cincuenta y pocos a\u00f1os, me veo envuelta en esta gran [&hellip;]","og_url":"https:\/\/krhomespain.com\/fr\/agents","og_site_name":"KR HOMES","article_modified_time":"2020-10-07T11:22:00+00:00","twitter_card":"summary_large_image","schema":{"@context":"https:\/\/schema.org","@graph":[{"@type":"WebPage","@id":"https:\/\/krhomespain.com\/agents","url":"https:\/\/krhomespain.com\/agents","name":"Our Agents","isPartOf":{"@id":"https:\/\/krhomespain.com\/#website"},"datePublished":"2019-05-09T20:03:58+00:00","dateModified":"2020-10-07T11:22:00+00:00","breadcrumb":{"@id":"https:\/\/krhomespain.com\/agents#breadcrumb"},"inLanguage":"fr-FR","potentialAction":[{"@type":"ReadAction","target":["https:\/\/krhomespain.com\/agents"]}]},{"@type":"BreadcrumbList","@id":"https:\/\/krhomespain.com\/agents#breadcrumb","itemListElement":[{"@type":"ListItem","position":1,"name":"Portada","item":"https:\/\/krhomespain.com\/"},{"@type":"ListItem","position":2,"name":"Our Agents"}]},{"@type":"WebSite","@id":"https:\/\/krhomespain.com\/#website","url":"https:\/\/krhomespain.com\/","name":"KR HOMES","description":"El Sol, siempre el Sol","publisher":{"@id":"https:\/\/krhomespain.com\/#organization"},"potentialAction":[{"@type":"SearchAction","target":{"@type":"EntryPoint","urlTemplate":"https:\/\/krhomespain.com\/?s={search_term_string}"},"query-input":{"@type":"PropertyValueSpecification","valueRequired":true,"valueName":"search_term_string"}}],"inLanguage":"fr-FR"},{"@type":"Organization","@id":"https:\/\/krhomespain.com\/#organization","name":"KRHOMESPAIN.COM","url":"https:\/\/krhomespain.com\/","logo":{"@type":"ImageObject","inLanguage":"fr-FR","@id":"https:\/\/krhomespain.com\/#\/schema\/logo\/image\/","url":"https:\/\/krhomespain.com\/wp-content\/uploads\/2022\/02\/logokrhomes.png","contentUrl":"https:\/\/krhomespain.com\/wp-content\/uploads\/2022\/02\/logokrhomes.png","width":651,"height":1166,"caption":"KRHOMESPAIN.COM"},"image":{"@id":"https:\/\/krhomespain.com\/#\/schema\/logo\/image\/"}}]}},"_links":{"self":[{"href":"https:\/\/krhomespain.com\/fr\/wp-json\/wp\/v2\/pages\/159","targetHints":{"allow":["GET"]}}],"collection":[{"href":"https:\/\/krhomespain.com\/fr\/wp-json\/wp\/v2\/pages"}],"about":[{"href":"https:\/\/krhomespain.com\/fr\/wp-json\/wp\/v2\/types\/page"}],"author":[{"embeddable":true,"href":"https:\/\/krhomespain.com\/fr\/wp-json\/wp\/v2\/users\/1"}],"replies":[{"embeddable":true,"href":"https:\/\/krhomespain.com\/fr\/wp-json\/wp\/v2\/comments?post=159"}],"version-history":[{"count":51,"href":"https:\/\/krhomespain.com\/fr\/wp-json\/wp\/v2\/pages\/159\/revisions"}],"predecessor-version":[{"id":2346,"href":"https:\/\/krhomespain.com\/fr\/wp-json\/wp\/v2\/pages\/159\/revisions\/2346"}],"wp:attachment":[{"href":"https:\/\/krhomespain.com\/fr\/wp-json\/wp\/v2\/media?parent=159"}],"curies":[{"name":"wp","href":"https:\/\/api.w.org\/{rel}","templated":true}]}}